{"id":18932,"date":"2024-01-23T12:31:32","date_gmt":"2024-01-23T11:31:32","guid":{"rendered":"https:\/\/alayanrentals.com\/it\/?page_id=18932"},"modified":"2025-12-05T09:46:25","modified_gmt":"2025-12-05T08:46:25","slug":"suchst-du-professionelle-geraete","status":"publish","type":"page","link":"https:\/\/alayanrentals.com\/it\/de\/suchst-du-professionelle-geraete\/","title":{"rendered":"Suchst Du professionelle Ger\u00e4te?"},"content":{"rendered":"","protected":false},"excerpt":{"rendered":"","protected":false},"author":25,"featured_media":0,"parent":0,"menu_order":22,"comment_status":"closed","ping_status":"closed","template":"template-landing-no-menu.php","meta":{"_acf_changed":false,"iawp_total_views":15,"footnotes":""},"class_list":["post-18932","page","type-page","status-publish","hentry"],"acf":[],"yoast_head":"<!-- This site is optimized with the Yoast SEO plugin v25.2 - https:\/\/yoast.com\/wordpress\/plugins\/seo\/ -->\n<title>Suchst Du professionelle Ger\u00e4te? &#8226; Alayan<\/title>\n<meta name=\"description\" content=\"Alayan Suchst Du professionelle Ger\u00e4te? Mieten Sie bei Alayan -Werkzeug, Maschinen und Ger\u00e4te.\" \/>\n<meta name=\"robots\" content=\"index, follow, max-snippet:-1, max-image-preview:large, max-video-preview:-1\" \/>\n<link rel=\"canonical\" href=\"https:\/\/alayanrentals.com\/it\/de\/suchst-du-professionelle-geraete\/\" \/>\n<meta property=\"og:locale\" content=\"it_IT\" \/>\n<meta property=\"og:type\" content=\"article\" \/>\n<meta property=\"og:title\" content=\"Suchst Du professionelle Ger\u00e4te? &#8226; Alayan\" \/>\n<meta property=\"og:description\" content=\"Alayan Suchst Du professionelle Ger\u00e4te? Mieten Sie bei Alayan -Werkzeug, Maschinen und Ger\u00e4te.\" \/>\n<meta property=\"og:url\" content=\"https:\/\/alayanrentals.com\/it\/de\/suchst-du-professionelle-geraete\/\" \/>\n<meta property=\"og:site_name\" content=\"Alayan\" \/>\n<meta property=\"article:modified_time\" content=\"2025-12-05T08:46:25+00:00\" \/>\n<meta name=\"twitter:card\" content=\"summary_large_image\" \/>\n<script type=\"application\/ld+json\" class=\"yoast-schema-graph\">{\"@context\":\"https:\/\/schema.org\",\"@graph\":[{\"@type\":\"WebPage\",\"@id\":\"https:\/\/alayanrentals.com\/it\/de\/suchst-du-professionelle-geraete\/\",\"url\":\"https:\/\/alayanrentals.com\/it\/de\/suchst-du-professionelle-geraete\/\",\"name\":\"Suchst Du professionelle Ger\u00e4te? &#8226; Alayan\",\"isPartOf\":{\"@id\":\"https:\/\/alayanrentals.com\/it\/#website\"},\"datePublished\":\"2024-01-23T11:31:32+00:00\",\"dateModified\":\"2025-12-05T08:46:25+00:00\",\"description\":\"Alayan Suchst Du professionelle Ger\u00e4te? Mieten Sie bei Alayan -Werkzeug, Maschinen und Ger\u00e4te.\",\"breadcrumb\":{\"@id\":\"https:\/\/alayanrentals.com\/it\/de\/suchst-du-professionelle-geraete\/#breadcrumb\"},\"inLanguage\":\"it-IT\",\"potentialAction\":[{\"@type\":\"ReadAction\",\"target\":[\"https:\/\/alayanrentals.com\/it\/de\/suchst-du-professionelle-geraete\/\"]}]},{\"@type\":\"BreadcrumbList\",\"@id\":\"https:\/\/alayanrentals.com\/it\/de\/suchst-du-professionelle-geraete\/#breadcrumb\",\"itemListElement\":[{\"@type\":\"ListItem\",\"position\":1,\"name\":\"Home\",\"item\":\"https:\/\/alayanrentals.com\/it\/\"},{\"@type\":\"ListItem\",\"position\":2,\"name\":\"Suchst Du professionelle Ger\u00e4te?\"}]},{\"@type\":\"WebSite\",\"@id\":\"https:\/\/alayanrentals.com\/it\/#website\",\"url\":\"https:\/\/alayanrentals.com\/it\/\",\"name\":\"Alayan\",\"description\":\"Noleggio\",\"publisher\":{\"@id\":\"https:\/\/alayanrentals.com\/it\/#organization\"},\"potentialAction\":[{\"@type\":\"SearchAction\",\"target\":{\"@type\":\"EntryPoint\",\"urlTemplate\":\"https:\/\/alayanrentals.com\/it\/?s={search_term_string}\"},\"query-input\":{\"@type\":\"PropertyValueSpecification\",\"valueRequired\":true,\"valueName\":\"search_term_string\"}}],\"inLanguage\":\"it-IT\"},{\"@type\":\"Organization\",\"@id\":\"https:\/\/alayanrentals.com\/it\/#organization\",\"name\":\"CGTE\",\"url\":\"https:\/\/alayanrentals.com\/it\/\",\"logo\":{\"@type\":\"ImageObject\",\"inLanguage\":\"it-IT\",\"@id\":\"https:\/\/alayanrentals.com\/it\/#\/schema\/logo\/image\/\",\"url\":\"https:\/\/alayanrentals.com\/it\/wp-content\/uploads\/2021\/03\/logo-cgte.svg\",\"contentUrl\":\"https:\/\/alayanrentals.com\/it\/wp-content\/uploads\/2021\/03\/logo-cgte.svg\",\"width\":438,\"height\":112,\"caption\":\"CGTE\"},\"image\":{\"@id\":\"https:\/\/alayanrentals.com\/it\/#\/schema\/logo\/image\/\"}}]}<\/script>\n<!-- \/ Yoast SEO plugin. -->","yoast_head_json":{"title":"Suchst Du professionelle Ger\u00e4te? &#8226; Alayan","description":"Alayan Suchst Du professionelle Ger\u00e4te? Mieten Sie bei Alayan -Werkzeug, Maschinen und Ger\u00e4te.","robots":{"index":"index","follow":"follow","max-snippet":"max-snippet:-1","max-image-preview":"max-image-preview:large","max-video-preview":"max-video-preview:-1"},"canonical":"https:\/\/alayanrentals.com\/it\/de\/suchst-du-professionelle-geraete\/","og_locale":"it_IT","og_type":"article","og_title":"Suchst Du professionelle Ger\u00e4te? &#8226; Alayan","og_description":"Alayan Suchst Du professionelle Ger\u00e4te? Mieten Sie bei Alayan -Werkzeug, Maschinen und Ger\u00e4te.","og_url":"https:\/\/alayanrentals.com\/it\/de\/suchst-du-professionelle-geraete\/","og_site_name":"Alayan","article_modified_time":"2025-12-05T08:46:25+00:00","twitter_card":"summary_large_image","schema":{"@context":"https:\/\/schema.org","@graph":[{"@type":"WebPage","@id":"https:\/\/alayanrentals.com\/it\/de\/suchst-du-professionelle-geraete\/","url":"https:\/\/alayanrentals.com\/it\/de\/suchst-du-professionelle-geraete\/","name":"Suchst Du professionelle Ger\u00e4te? &#8226; Alayan","isPartOf":{"@id":"https:\/\/alayanrentals.com\/it\/#website"},"datePublished":"2024-01-23T11:31:32+00:00","dateModified":"2025-12-05T08:46:25+00:00","description":"Alayan Suchst Du professionelle Ger\u00e4te? Mieten Sie bei Alayan -Werkzeug, Maschinen und Ger\u00e4te.","breadcrumb":{"@id":"https:\/\/alayanrentals.com\/it\/de\/suchst-du-professionelle-geraete\/#breadcrumb"},"inLanguage":"it-IT","potentialAction":[{"@type":"ReadAction","target":["https:\/\/alayanrentals.com\/it\/de\/suchst-du-professionelle-geraete\/"]}]},{"@type":"BreadcrumbList","@id":"https:\/\/alayanrentals.com\/it\/de\/suchst-du-professionelle-geraete\/#breadcrumb","itemListElement":[{"@type":"ListItem","position":1,"name":"Home","item":"https:\/\/alayanrentals.com\/it\/"},{"@type":"ListItem","position":2,"name":"Suchst Du professionelle Ger\u00e4te?"}]},{"@type":"WebSite","@id":"https:\/\/alayanrentals.com\/it\/#website","url":"https:\/\/alayanrentals.com\/it\/","name":"Alayan","description":"Noleggio","publisher":{"@id":"https:\/\/alayanrentals.com\/it\/#organization"},"potentialAction":[{"@type":"SearchAction","target":{"@type":"EntryPoint","urlTemplate":"https:\/\/alayanrentals.com\/it\/?s={search_term_string}"},"query-input":{"@type":"PropertyValueSpecification","valueRequired":true,"valueName":"search_term_string"}}],"inLanguage":"it-IT"},{"@type":"Organization","@id":"https:\/\/alayanrentals.com\/it\/#organization","name":"CGTE","url":"https:\/\/alayanrentals.com\/it\/","logo":{"@type":"ImageObject","inLanguage":"it-IT","@id":"https:\/\/alayanrentals.com\/it\/#\/schema\/logo\/image\/","url":"https:\/\/alayanrentals.com\/it\/wp-content\/uploads\/2021\/03\/logo-cgte.svg","contentUrl":"https:\/\/alayanrentals.com\/it\/wp-content\/uploads\/2021\/03\/logo-cgte.svg","width":438,"height":112,"caption":"CGTE"},"image":{"@id":"https:\/\/alayanrentals.com\/it\/#\/schema\/logo\/image\/"}}]}},"lang":"de","translations":{"de":18932,"it":8906},"pll_sync_post":[],"_links":{"self":[{"href":"https:\/\/alayanrentals.com\/it\/wp-json\/wp\/v2\/pages\/18932","targetHints":{"allow":["GET"]}}],"collection":[{"href":"https:\/\/alayanrentals.com\/it\/wp-json\/wp\/v2\/pages"}],"about":[{"href":"https:\/\/alayanrentals.com\/it\/wp-json\/wp\/v2\/types\/page"}],"author":[{"embeddable":true,"href":"https:\/\/alayanrentals.com\/it\/wp-json\/wp\/v2\/users\/25"}],"replies":[{"embeddable":true,"href":"https:\/\/alayanrentals.com\/it\/wp-json\/wp\/v2\/comments?post=18932"}],"version-history":[{"count":7,"href":"https:\/\/alayanrentals.com\/it\/wp-json\/wp\/v2\/pages\/18932\/revisions"}],"predecessor-version":[{"id":37146,"href":"https:\/\/alayanrentals.com\/it\/wp-json\/wp\/v2\/pages\/18932\/revisions\/37146"}],"wp:attachment":[{"href":"https:\/\/alayanrentals.com\/it\/wp-json\/wp\/v2\/media?parent=18932"}],"curies":[{"name":"wp","href":"https:\/\/api.w.org\/{rel}","templated":true}]}}