{"id":26970,"date":"2024-12-20T10:20:04","date_gmt":"2024-12-20T09:20:04","guid":{"rendered":"https:\/\/alayanrentals.com\/es\/?page_id=26970"},"modified":"2026-03-18T15:28:24","modified_gmt":"2026-03-18T14:28:24","slug":"alayan-especialistas-en-alquileres","status":"publish","type":"page","link":"https:\/\/alayanrentals.com\/es\/","title":{"rendered":"\u00a1Alayan, especialistas en alquileres!"},"content":{"rendered":"","protected":false},"excerpt":{"rendered":"","protected":false},"author":1,"featured_media":0,"parent":0,"menu_order":49,"comment_status":"closed","ping_status":"closed","template":"","meta":{"_acf_changed":false,"iawp_total_views":34483,"footnotes":""},"class_list":["post-26970","page","type-page","status-publish","hentry"],"acf":[],"yoast_head":"<!-- This site is optimized with the Yoast SEO plugin v25.2 - https:\/\/yoast.com\/wordpress\/plugins\/seo\/ -->\n<title>Alayan - Alquiler de m\u00e1quinas y equipos especializados<\/title>\n<meta name=\"description\" content=\"Alayan es tu aliado global de confianza para soluciones \u00f3ptimas de alquiler de maquinaria en la construcci\u00f3n, la industria y los eventos.\" \/>\n<meta name=\"robots\" content=\"index, follow, max-snippet:-1, max-image-preview:large, max-video-preview:-1\" \/>\n<link rel=\"canonical\" href=\"https:\/\/alayanrentals.com\/es\/\" \/>\n<meta property=\"og:locale\" content=\"it_IT\" \/>\n<meta property=\"og:type\" content=\"article\" \/>\n<meta property=\"og:title\" content=\"Alayan - Alquiler de m\u00e1quinas y equipos especializados\" \/>\n<meta property=\"og:description\" content=\"Alayan es tu aliado global de confianza para soluciones \u00f3ptimas de alquiler de maquinaria en la construcci\u00f3n, la industria y los eventos.\" \/>\n<meta property=\"og:url\" content=\"https:\/\/alayanrentals.com\/es\/\" \/>\n<meta property=\"og:site_name\" content=\"Alayan\" \/>\n<meta property=\"article:modified_time\" content=\"2026-03-18T14:28:24+00:00\" \/>\n<meta name=\"twitter:card\" content=\"summary_large_image\" \/>\n<script type=\"application\/ld+json\" class=\"yoast-schema-graph\">{\"@context\":\"https:\/\/schema.org\",\"@graph\":[{\"@type\":\"WebPage\",\"@id\":\"https:\/\/alayanrentals.com\/es\/\",\"url\":\"https:\/\/alayanrentals.com\/es\/\",\"name\":\"Alayan - Alquiler de m\u00e1quinas y equipos especializados\",\"isPartOf\":{\"@id\":\"https:\/\/alayanrentals.com\/es\/#website\"},\"datePublished\":\"2024-12-20T09:20:04+00:00\",\"dateModified\":\"2026-03-18T14:28:24+00:00\",\"description\":\"Alayan es tu aliado global de confianza para soluciones \u00f3ptimas de alquiler de maquinaria en la construcci\u00f3n, la industria y los eventos.\",\"breadcrumb\":{\"@id\":\"https:\/\/alayanrentals.com\/es\/#breadcrumb\"},\"inLanguage\":\"it-IT\",\"potentialAction\":[{\"@type\":\"ReadAction\",\"target\":[\"https:\/\/alayanrentals.com\/es\/\"]}]},{\"@type\":\"BreadcrumbList\",\"@id\":\"https:\/\/alayanrentals.com\/es\/#breadcrumb\",\"itemListElement\":[{\"@type\":\"ListItem\",\"position\":1,\"name\":\"Home\",\"item\":\"https:\/\/alayanrentals.com\/es\/en\/\"},{\"@type\":\"ListItem\",\"position\":2,\"name\":\"\u00a1Alayan, especialistas en alquileres!\"}]},{\"@type\":\"WebSite\",\"@id\":\"https:\/\/alayanrentals.com\/es\/#website\",\"url\":\"https:\/\/alayanrentals.com\/es\/\",\"name\":\"Alayan\",\"description\":\"Rental\",\"publisher\":{\"@id\":\"https:\/\/alayanrentals.com\/es\/#organization\"},\"potentialAction\":[{\"@type\":\"SearchAction\",\"target\":{\"@type\":\"EntryPoint\",\"urlTemplate\":\"https:\/\/alayanrentals.com\/es\/?s={search_term_string}\"},\"query-input\":{\"@type\":\"PropertyValueSpecification\",\"valueRequired\":true,\"valueName\":\"search_term_string\"}}],\"inLanguage\":\"it-IT\"},{\"@type\":\"Organization\",\"@id\":\"https:\/\/alayanrentals.com\/es\/#organization\",\"name\":\"Alayan\",\"url\":\"https:\/\/alayanrentals.com\/es\/\",\"logo\":{\"@type\":\"ImageObject\",\"inLanguage\":\"it-IT\",\"@id\":\"https:\/\/alayanrentals.com\/es\/#\/schema\/logo\/image\/\",\"url\":\"https:\/\/alayanrentals.com\/es\/wp-content\/uploads\/2021\/03\/logo-cgte.svg\",\"contentUrl\":\"https:\/\/alayanrentals.com\/es\/wp-content\/uploads\/2021\/03\/logo-cgte.svg\",\"width\":438,\"height\":112,\"caption\":\"Alayan\"},\"image\":{\"@id\":\"https:\/\/alayanrentals.com\/es\/#\/schema\/logo\/image\/\"}}]}<\/script>\n<!-- \/ Yoast SEO plugin. -->","yoast_head_json":{"title":"Alayan - Alquiler de m\u00e1quinas y equipos especializados","description":"Alayan es tu aliado global de confianza para soluciones \u00f3ptimas de alquiler de maquinaria en la construcci\u00f3n, la industria y los eventos.","robots":{"index":"index","follow":"follow","max-snippet":"max-snippet:-1","max-image-preview":"max-image-preview:large","max-video-preview":"max-video-preview:-1"},"canonical":"https:\/\/alayanrentals.com\/es\/","og_locale":"it_IT","og_type":"article","og_title":"Alayan - Alquiler de m\u00e1quinas y equipos especializados","og_description":"Alayan es tu aliado global de confianza para soluciones \u00f3ptimas de alquiler de maquinaria en la construcci\u00f3n, la industria y los eventos.","og_url":"https:\/\/alayanrentals.com\/es\/","og_site_name":"Alayan","article_modified_time":"2026-03-18T14:28:24+00:00","twitter_card":"summary_large_image","schema":{"@context":"https:\/\/schema.org","@graph":[{"@type":"WebPage","@id":"https:\/\/alayanrentals.com\/es\/","url":"https:\/\/alayanrentals.com\/es\/","name":"Alayan - Alquiler de m\u00e1quinas y equipos especializados","isPartOf":{"@id":"https:\/\/alayanrentals.com\/es\/#website"},"datePublished":"2024-12-20T09:20:04+00:00","dateModified":"2026-03-18T14:28:24+00:00","description":"Alayan es tu aliado global de confianza para soluciones \u00f3ptimas de alquiler de maquinaria en la construcci\u00f3n, la industria y los eventos.","breadcrumb":{"@id":"https:\/\/alayanrentals.com\/es\/#breadcrumb"},"inLanguage":"it-IT","potentialAction":[{"@type":"ReadAction","target":["https:\/\/alayanrentals.com\/es\/"]}]},{"@type":"BreadcrumbList","@id":"https:\/\/alayanrentals.com\/es\/#breadcrumb","itemListElement":[{"@type":"ListItem","position":1,"name":"Home","item":"https:\/\/alayanrentals.com\/es\/en\/"},{"@type":"ListItem","position":2,"name":"\u00a1Alayan, especialistas en alquileres!"}]},{"@type":"WebSite","@id":"https:\/\/alayanrentals.com\/es\/#website","url":"https:\/\/alayanrentals.com\/es\/","name":"Alayan","description":"Rental","publisher":{"@id":"https:\/\/alayanrentals.com\/es\/#organization"},"potentialAction":[{"@type":"SearchAction","target":{"@type":"EntryPoint","urlTemplate":"https:\/\/alayanrentals.com\/es\/?s={search_term_string}"},"query-input":{"@type":"PropertyValueSpecification","valueRequired":true,"valueName":"search_term_string"}}],"inLanguage":"it-IT"},{"@type":"Organization","@id":"https:\/\/alayanrentals.com\/es\/#organization","name":"Alayan","url":"https:\/\/alayanrentals.com\/es\/","logo":{"@type":"ImageObject","inLanguage":"it-IT","@id":"https:\/\/alayanrentals.com\/es\/#\/schema\/logo\/image\/","url":"https:\/\/alayanrentals.com\/es\/wp-content\/uploads\/2021\/03\/logo-cgte.svg","contentUrl":"https:\/\/alayanrentals.com\/es\/wp-content\/uploads\/2021\/03\/logo-cgte.svg","width":438,"height":112,"caption":"Alayan"},"image":{"@id":"https:\/\/alayanrentals.com\/es\/#\/schema\/logo\/image\/"}}]}},"lang":"es","translations":{"es":26970,"en":14013,"ca":30855},"pll_sync_post":[],"_links":{"self":[{"href":"https:\/\/alayanrentals.com\/es\/wp-json\/wp\/v2\/pages\/26970","targetHints":{"allow":["GET"]}}],"collection":[{"href":"https:\/\/alayanrentals.com\/es\/wp-json\/wp\/v2\/pages"}],"about":[{"href":"https:\/\/alayanrentals.com\/es\/wp-json\/wp\/v2\/types\/page"}],"author":[{"embeddable":true,"href":"https:\/\/alayanrentals.com\/es\/wp-json\/wp\/v2\/users\/1"}],"replies":[{"embeddable":true,"href":"https:\/\/alayanrentals.com\/es\/wp-json\/wp\/v2\/comments?post=26970"}],"version-history":[{"count":60,"href":"https:\/\/alayanrentals.com\/es\/wp-json\/wp\/v2\/pages\/26970\/revisions"}],"predecessor-version":[{"id":30404,"href":"https:\/\/alayanrentals.com\/es\/wp-json\/wp\/v2\/pages\/26970\/revisions\/30404"}],"wp:attachment":[{"href":"https:\/\/alayanrentals.com\/es\/wp-json\/wp\/v2\/media?parent=26970"}],"curies":[{"name":"wp","href":"https:\/\/api.w.org\/{rel}","templated":true}]}}